{"id":52,"date":"2014-12-14T13:39:16","date_gmt":"2014-12-14T12:39:16","guid":{"rendered":"http:\/\/www.lalocandadivenaria.it\/locanda\/?page_id=52"},"modified":"2016-02-23T18:05:42","modified_gmt":"2016-02-23T17:05:42","slug":"home","status":"publish","type":"page","link":"http:\/\/www.lalocandadivenaria.it\/locanda\/","title":{"rendered":"Home"},"content":{"rendered":"<div id=\"pl-52\"  class=\"panel-layout\" ><div id=\"pg-52-0\"  class=\"panel-grid panel-no-style\" ><div id=\"pgc-52-0-0\"  class=\"panel-grid-cell\" ><div id=\"panel-52-0-0-0\" class=\"so-panel widget widget_black-studio-tinymce widget_black_studio_tinymce panel-first-child panel-last-child\" data-index=\"0\" ><div class=\"textwidget\"><p><a href=\"http:\/\/www.lalocandadivenaria.it\/locanda\/wp-content\/uploads\/2014\/12\/unoab.jpg\" rel=\"attachment wp-att-57\"><img class=\"alignnone wp-image-56 size-full\" src=\"http:\/\/www.lalocandadivenaria.it\/locanda\/wp-content\/uploads\/2014\/12\/unoab.jpg\" alt=\"\" width=\"1000\" height=\"400\" \/><\/a><\/p>\n<\/div><\/div><\/div><\/div><div id=\"pg-52-1\"  class=\"panel-grid panel-no-style\" ><div id=\"pgc-52-1-0\"  class=\"panel-grid-cell\" ><div id=\"panel-52-1-0-0\" class=\"so-panel widget widget_black-studio-tinymce widget_black_studio_tinymce panel-first-child panel-last-child\" data-index=\"1\" ><div class=\"textwidget\"><p><a href=\"http:\/\/www.lalocandadivenaria.it\/locanda\/wp-content\/uploads\/2014\/12\/unoabc.jpg\" rel=\"attachment wp-att-57\"><img class=\"alignnone wp-image-57 size-full\" src=\"http:\/\/www.lalocandadivenaria.it\/locanda\/wp-content\/uploads\/2014\/12\/unoabc.jpg\" alt=\"unoabc\" width=\"998\" height=\"400\" \/><\/a><\/p>\n<\/div><\/div><\/div><div id=\"pgc-52-1-1\"  class=\"panel-grid-cell\" ><div id=\"panel-52-1-1-0\" class=\"so-panel widget widget_black-studio-tinymce widget_black_studio_tinymce panel-first-child panel-last-child\" data-index=\"2\" ><div class=\"textwidget\"><p>A pochi passi dalla Reggia di Venaria sorge, in una costruzione del '700, il Risorante Pizzeria La Locanda. Questo splendido locale, a conduzione familiare, \u00e8 lieto di ospitarvi per degustare piatti tipici piemontesi e specialit\u00e0 di pesce, oltre ad una vasta scelta di pizze. I servizi ed i tecnici specializzati sono in grado di soddisfare ogni quesito posto dal cliente con soluzioni semplici e di elevato contenuto tecnologico.<br \/>\nIl tipo di rapporto continuativo di collaborazione che si \u00e8 instaurato nel corso degli anni con i propri clienti \u00e8 la miglior credenziale di cui pu\u00f2 essere orgogliosa.<\/p>\n<\/div><\/div><\/div><\/div><\/div>","protected":false},"excerpt":{"rendered":"<p>A pochi passi dalla Reggia di Venaria sorge, in una costruzione del &#8216;700, il Risorante Pizzeria La Locanda. Questo splendido locale, a conduzione familiare, \u00e8 lieto di ospitarvi per degustare piatti tipici piemontesi e specialit\u00e0 di pesce, oltre ad una vasta scelta di pizze. I servizi ed i tecnici specializzati sono in grado di soddisfare [&hellip;]<\/p>\n","protected":false},"author":1,"featured_media":0,"parent":0,"menu_order":0,"comment_status":"open","ping_status":"open","template":"","meta":[],"_links":{"self":[{"href":"http:\/\/www.lalocandadivenaria.it\/locanda\/wp-json\/wp\/v2\/pages\/52"}],"collection":[{"href":"http:\/\/www.lalocandadivenaria.it\/locanda\/wp-json\/wp\/v2\/pages"}],"about":[{"href":"http:\/\/www.lalocandadivenaria.it\/locanda\/wp-json\/wp\/v2\/types\/page"}],"author":[{"embeddable":true,"href":"http:\/\/www.lalocandadivenaria.it\/locanda\/wp-json\/wp\/v2\/users\/1"}],"replies":[{"embeddable":true,"href":"http:\/\/www.lalocandadivenaria.it\/locanda\/wp-json\/wp\/v2\/comments?post=52"}],"version-history":[{"count":7,"href":"http:\/\/www.lalocandadivenaria.it\/locanda\/wp-json\/wp\/v2\/pages\/52\/revisions"}],"predecessor-version":[{"id":99,"href":"http:\/\/www.lalocandadivenaria.it\/locanda\/wp-json\/wp\/v2\/pages\/52\/revisions\/99"}],"wp:attachment":[{"href":"http:\/\/www.lalocandadivenaria.it\/locanda\/wp-json\/wp\/v2\/media?parent=52"}],"curies":[{"name":"wp","href":"https:\/\/api.w.org\/{rel}","templated":true}]}}